{"id":181,"date":"2024-02-02T10:41:15","date_gmt":"2024-02-02T09:41:15","guid":{"rendered":"https:\/\/syncmyfiles.es\/?page_id=181"},"modified":"2024-03-01T12:35:45","modified_gmt":"2024-03-01T11:35:45","slug":"politica-de-privacidad","status":"publish","type":"page","link":"https:\/\/syncmyfiles.es\/?page_id=181&lang=es","title":{"rendered":"Pol\u00edtica de privacidad"},"content":{"rendered":"\n<h2 class=\"wp-block-heading\">\u00daltima actualizaci\u00f3n: 20\/10\/2023<\/h2>\n\n\n\n<p>Agradecemos que uses la aplicaci\u00f3n SyncMyFiles. Tu privacidad es importante para nosotros. Esta pol\u00edtica de privacidad explica c\u00f3mo recopilamos, utilizamos y protegemos la informaci\u00f3n que recopilamos de nuestros usuarios. Al utilizar SyncMyFiles, aceptas los t\u00e9rminos de esta pol\u00edtica de privacidad.<\/p>\n\n\n\n<h2 class=\"wp-block-heading\">1. Datos que Recopilamos<\/h2>\n\n\n\n<p>SyncMyFiles recopila la siguiente informaci\u00f3n:<\/p>\n\n\n\n<p><strong>1.1. Datos de tu Cuenta:<\/strong>\u00a0Para brindarte informaci\u00f3n sobre tu cuenta y tu espacio de almacenamiento, solicitamos acceso a tu cuenta del servicio de almacenamiento en la nube que elijas en la aplicaci\u00f3n. Esto incluye tu direcci\u00f3n de correo electr\u00f3nico y detalles sobre tu espacio de almacenamiento. Estos datos no son compartidos con ning\u00fan tercero ni son almacenados en el telefono, solo se muestran de manera temporal en tu tel\u00e9fono cuando es necesario.<\/p>\n\n\n\n<p><strong>1.2. Datos de Sincronizaci\u00f3n:<\/strong>&nbsp;Para brindarte informaci\u00f3n sobre el estado de las sincronizaciones realizadas, SyncMyFiles almacena datos b\u00e1sicos sobre las \u00faltimas sincronizaciones. Esto incluye informaci\u00f3n sobre archivos sincronizados y cualquier problema que pueda haber surgido durante la sincronizaci\u00f3n. Estos datos se almacenan localmente en tu dispositivo y no se comparten con terceros ni se transmiten a nuestros servidores.<\/p>\n\n\n\n<h2 class=\"wp-block-heading\">2. Uso de Datos<\/h2>\n\n\n\n<p>SyncMyFiles utiliza los datos recopilados para los siguientes fines:<\/p>\n\n\n\n<p><strong>2.1. Visualizaci\u00f3n de Espacio de Almacenamiento y direcci\u00f3n de correo:<\/strong>&nbsp;Los datos de tu cuenta del servicio de almacenamiento en la nube elegido se utilizan exclusivamente para mostrar visualmente tu espacio de almacenamiento en la aplicaci\u00f3n y el correo asociado a esta, ademas el espacio de almacenamiento se utiliza para calcular si has llegado o no al tope de tu almacenamiento.<\/p>\n\n\n\n<p><strong>2.2. Informaci\u00f3n de Sincronizaci\u00f3n:<\/strong>&nbsp;Los datos de sincronizaci\u00f3n se utilizan para informarte sobre el estado de las sincronizaciones y para ayudar a realizar futuras sincronizaciones correctamente.<\/p>\n\n\n\n<h2 class=\"wp-block-heading\">3. Seguridad de Datos<\/h2>\n\n\n\n<p>La seguridad de tus datos es importante para nosotros. Los datos recopilados se almacenan de forma segura en tu dispositivo y no se comparten con terceros ni se transmiten a servidores externos.<\/p>\n\n\n\n<h2 class=\"wp-block-heading\">4. Publicidad<\/h2>\n\n\n\n<p>En la versi\u00f3n gratuita de la aplicaci\u00f3n, utilizamos servicios de publicidad proporcionados por terceros, como AdMob, para mostrar anuncios en nuestra aplicaci\u00f3n. Estos servicios pueden recopilar cierta informaci\u00f3n para proporcionar anuncios personalizados. La informaci\u00f3n recopilada puede incluir datos de ubicaci\u00f3n y otros datos no personales.<\/p>\n\n\n\n<h2 class=\"wp-block-heading\">5. Consentimiento<\/h2>\n\n\n\n<p>Al utilizar nuestra aplicaci\u00f3n, aceptas los t\u00e9rminos y condiciones establecidos en esta Pol\u00edtica de Privacidad. Reconoces que, si te encuentras en Europa o en el Reino Unido, tienes el derecho de aceptar o rechazar el Reglamento General de Protecci\u00f3n de Datos (GDPR) para la recopilaci\u00f3n y el tratamiento de tus datos personales con fines publicitarios. Si decides no aceptar el GDPR, es posible que algunas funcionalidades de la aplicaci\u00f3n relacionadas con la publicidad no est\u00e9n disponibles para ti. Puedes cambiar el consentimiento GDPR en cualquier momento desde los ajustes de la aplicaci\u00f3n.<\/p>\n\n\n\n<h2 class=\"wp-block-heading\">6<strong>. Cambios en la Pol\u00edtica de Privacidad<\/strong><\/h2>\n\n\n\n<p>Nos reservamos el derecho de actualizar esta Pol\u00edtica de Privacidad en cualquier momento. Te recomendamos revisar peri\u00f3dicamente esta p\u00e1gina para estar al tanto de cualquier cambio.<\/p>\n\n\n\n<h2 class=\"wp-block-heading\">7. Contacto<\/h2>\n\n\n\n<p>Si tienes preguntas o inquietudes sobre nuestra pol\u00edtica de privacidad o el uso de tus datos, no dudes en ponerte en contacto con nosotros a trav\u00e9s de la siguiente direcci\u00f3n de correo electr\u00f3nico:<\/p>\n\n\n\n<p><a href=\"mailto:syncmyfilesofficial@gmail.com\">syncmyfilesofficial@gmail.com<\/a><\/p>\n","protected":false},"excerpt":{"rendered":"<p>\u00daltima actualizaci\u00f3n: 20\/10\/2023 Agradecemos que uses la aplicaci\u00f3n SyncMyFiles. Tu privacidad es importante para nosotros. Esta pol\u00edtica de privacidad explica [&hellip;]<\/p>\n","protected":false},"author":1,"featured_media":0,"parent":0,"menu_order":0,"comment_status":"closed","ping_status":"open","template":"","meta":{"_monsterinsights_skip_tracking":false,"_monsterinsights_sitenote_active":false,"_monsterinsights_sitenote_note":"","_monsterinsights_sitenote_category":0,"site-sidebar-layout":"default","site-content-layout":"","ast-site-content-layout":"","site-content-style":"default","site-sidebar-style":"default","ast-global-header-display":"","ast-banner-title-visibility":"","ast-main-header-display":"","ast-hfb-above-header-display":"","ast-hfb-below-header-display":"","ast-hfb-mobile-header-display":"","site-post-title":"","ast-breadcrumbs-content":"","ast-featured-img":"","footer-sml-layout":"","theme-transparent-header-meta":"","adv-header-id-meta":"","stick-header-meta":"","header-above-stick-meta":"","header-main-stick-meta":"","header-below-stick-meta":"","astra-migrate-meta-layouts":"default","ast-page-background-enabled":"default","ast-page-background-meta":{"desktop":{"background-color":"var(--ast-global-color-4)","background-image":"","background-repeat":"repeat","background-position":"center center","background-size":"auto","background-attachment":"scroll","background-type":"","background-media":"","overlay-type":"","overlay-color":"","overlay-gradient":""},"tablet":{"background-color":"","background-image":"","background-repeat":"repeat","background-position":"center center","background-size":"auto","background-attachment":"scroll","background-type":"","background-media":"","overlay-type":"","overlay-color":"","overlay-gradient":""},"mobile":{"background-color":"","background-image":"","background-repeat":"repeat","background-position":"center center","background-size":"auto","background-attachment":"scroll","background-type":"","background-media":"","overlay-type":"","overlay-color":"","overlay-gradient":""}},"ast-content-background-meta":{"desktop":{"background-color":"var(--ast-global-color-5)","background-image":"","background-repeat":"repeat","background-position":"center center","background-size":"auto","background-attachment":"scroll","background-type":"","background-media":"","overlay-type":"","overlay-color":"","overlay-gradient":""},"tablet":{"background-color":"var(--ast-global-color-5)","background-image":"","background-repeat":"repeat","background-position":"center center","background-size":"auto","background-attachment":"scroll","background-type":"","background-media":"","overlay-type":"","overlay-color":"","overlay-gradient":""},"mobile":{"background-color":"var(--ast-global-color-5)","background-image":"","background-repeat":"repeat","background-position":"center center","background-size":"auto","background-attachment":"scroll","background-type":"","background-media":"","overlay-type":"","overlay-color":"","overlay-gradient":""}},"footnotes":""},"aioseo_notices":[],"_links":{"self":[{"href":"https:\/\/syncmyfiles.es\/index.php?rest_route=\/wp\/v2\/pages\/181"}],"collection":[{"href":"https:\/\/syncmyfiles.es\/index.php?rest_route=\/wp\/v2\/pages"}],"about":[{"href":"https:\/\/syncmyfiles.es\/index.php?rest_route=\/wp\/v2\/types\/page"}],"author":[{"embeddable":true,"href":"https:\/\/syncmyfiles.es\/index.php?rest_route=\/wp\/v2\/users\/1"}],"replies":[{"embeddable":true,"href":"https:\/\/syncmyfiles.es\/index.php?rest_route=%2Fwp%2Fv2%2Fcomments&post=181"}],"version-history":[{"count":2,"href":"https:\/\/syncmyfiles.es\/index.php?rest_route=\/wp\/v2\/pages\/181\/revisions"}],"predecessor-version":[{"id":202,"href":"https:\/\/syncmyfiles.es\/index.php?rest_route=\/wp\/v2\/pages\/181\/revisions\/202"}],"wp:attachment":[{"href":"https:\/\/syncmyfiles.es\/index.php?rest_route=%2Fwp%2Fv2%2Fmedia&parent=181"}],"curies":[{"name":"wp","href":"https:\/\/api.w.org\/{rel}","templated":true}]}}